{"id":17645,"date":"2024-10-29T16:55:47","date_gmt":"2024-10-29T15:55:47","guid":{"rendered":"https:\/\/sha.tn\/ap\/produit\/bo-0242129510-bougie-dallumage-vr-8se-w-clio-classic\/"},"modified":"2026-05-06T13:51:45","modified_gmt":"2026-05-06T11:51:45","slug":"bo-0242129510-bougie-dallumage-vr-8se-w-clio-classic","status":"publish","type":"product","link":"https:\/\/sha.tn\/ap\/product\/bo-0242129510-bougie-dallumage-vr-8se-w-clio-classic\/","title":{"rendered":"BO 0242129510 BOUGIE D&rsquo;ALLUMAGE VR 8SE W CLIO CLASSIC"},"content":{"rendered":"<ul>\n<li><span class=\"title-def\">Taille de cl\u00e9 \u00e0 bougie\u00a0:<\/span>14 mm<\/li>\n<li><span class=\"title-def\">Couple de serrage\u00a0:<\/span>23 Nm<\/li>\n<li><span class=\"title-def\">Gamme \u00e9quipementier\u00a0:<\/span>Nickel<\/li>\n<li><span class=\"title-def\">Quantit\u00e9\u00a0:<\/span>1<\/li>\n<li><span class=\"title-def\">Nombre d&rsquo;\u00e9lectrodes de masse\u00a0:<\/span>1<\/li>\n<li><span class=\"title-def\">Longueur du filtage\u00a0:<\/span>26,5 mm<\/li>\n<li><span class=\"title-def\">\u00c9cartement de l&rsquo;\u00e9lectrode\u00a0:<\/span>0,9 mm<\/li>\n<li><span class=\"title-def\">Hauteur de l&rsquo;\u00e9lectrode de masse\u00a0:<\/span>5 mm<\/li>\n<li><span class=\"title-def\">Filetage\u00a0:<\/span>M 12 x 1,25<\/li>\n<li><span class=\"title-def\">Nombre d&rsquo;\u00e9lectrodes de masse\u00a0:<\/span>1<\/li>\n<li><span class=\"title-def\">Ouverture de la cl\u00e9\u00a0:<\/span>16 mm<\/li>\n<\/ul>\n<h1>APPLICATIONS :<\/h1>\n<h2>CITROEN<\/h2>\n<ul id=\"maker-21\" class=\"product-info-block__item-list\" data-accordion-content=\"\">\n<li class=\"product-info-block__item-list__item\" data-accordion=\"\" data-accordion-scroll=\"\"><span class=\"product-info-block__item-list__title\" data-accordion-toggle=\"\" data-toggle-model=\"\" data-article-id=\"1147906\" data-target=\"#model-21-4841\" data-maker-id=\"21\" data-model-id=\"4841\">CITRO\u00cbN C3 I 3\/5 portes (FC, FN) (Ann\u00e9e de construction 03.2002 &#8211; &#8230;)<\/span><\/li>\n<li class=\"product-info-block__item-list__item\" data-accordion=\"\" data-accordion-scroll=\"\"><span class=\"product-info-block__item-list__title\" data-accordion-toggle=\"\" data-toggle-model=\"\" data-article-id=\"1147906\" data-target=\"#model-21-4998\" data-maker-id=\"21\" data-model-id=\"4998\">CITRO\u00cbN C2 3\/5 portes (JM) (Ann\u00e9e de construction 10.2003 &#8211; 10.2017)<\/span><\/li>\n<li class=\"product-info-block__item-list__item\" data-accordion=\"\" data-accordion-scroll=\"\"><span class=\"product-info-block__item-list__title\" data-accordion-toggle=\"\" data-toggle-model=\"\" data-article-id=\"1147906\" data-target=\"#model-21-5220\" data-maker-id=\"21\" data-model-id=\"5220\">CITRO\u00cbN C4 Coup\u00e9 (Ann\u00e9e de construction 12.2004 &#8211; 07.2011)<\/span><\/li>\n<li class=\"product-info-block__item-list__item\" data-accordion=\"\" data-accordion-scroll=\"\"><span class=\"product-info-block__item-list__title\" data-accordion-toggle=\"\" data-toggle-model=\"\" data-article-id=\"1147906\" data-target=\"#model-21-5221\" data-maker-id=\"21\" data-model-id=\"5221\">CITRO\u00cbN C4 I 3\/5 portes (Ann\u00e9e de construction 12.2004 &#8211; 07.2011)<\/span><\/li>\n<\/ul>\n<h2>DACIA<\/h2>\n<ul id=\"maker-139\" class=\"product-info-block__item-list\" data-accordion-content=\"\">\n<li class=\"product-info-block__item-list__item\" data-accordion=\"\" data-accordion-scroll=\"\"><span class=\"product-info-block__item-list__title\" data-accordion-toggle=\"\" data-toggle-model=\"\" data-article-id=\"1147906\" data-target=\"#model-139-5380\" data-maker-id=\"139\" data-model-id=\"5380\">DACIA Logan I Berline (LS) (Ann\u00e9e de construction 10.2004 &#8211; &#8230;)<\/span><\/li>\n<li class=\"product-info-block__item-list__item\" data-accordion=\"\" data-accordion-scroll=\"\"><span class=\"product-info-block__item-list__title\" data-accordion-toggle=\"\" data-toggle-model=\"\" data-article-id=\"1147906\" data-target=\"#model-139-7539\" data-maker-id=\"139\" data-model-id=\"7539\">DACIA Sandero I (SD) (Ann\u00e9e de construction 07.2008 &#8211; &#8230;)<\/span><\/li>\n<li class=\"product-info-block__item-list__item\" data-accordion=\"\" data-accordion-scroll=\"\"><span class=\"product-info-block__item-list__title\" data-accordion-toggle=\"\" data-toggle-model=\"\" data-article-id=\"1147906\" data-target=\"#model-139-8547\" data-maker-id=\"139\" data-model-id=\"8547\">DACIA Duster SUV (Ann\u00e9e de construction 05.2010 &#8211; 01.2018)<\/span><\/li>\n<li class=\"product-info-block__item-list__item\" data-accordion=\"\" data-accordion-scroll=\"\"><span class=\"product-info-block__item-list__title\" data-accordion-toggle=\"\" data-toggle-model=\"\" data-article-id=\"1147906\" data-target=\"#model-139-10162\" data-maker-id=\"139\" data-model-id=\"10162\">DACIA Lodgy (JS_) (Ann\u00e9e de construction 03.2012 &#8211; &#8230;)<\/span><\/li>\n<li class=\"product-info-block__item-list__item\" data-accordion=\"\" data-accordion-scroll=\"\"><span class=\"product-info-block__item-list__title\" data-accordion-toggle=\"\" data-toggle-model=\"\" data-article-id=\"1147906\" data-target=\"#model-139-10868\" data-maker-id=\"139\" data-model-id=\"10868\">DACIA Dokker Break (KE_) (Ann\u00e9e de construction 12.2012 &#8211; &#8230;)<\/span><\/li>\n<li class=\"product-info-block__item-list__item\" data-accordion=\"\" data-accordion-scroll=\"\"><span class=\"product-info-block__item-list__title\" data-accordion-toggle=\"\" data-toggle-model=\"\" data-article-id=\"1147906\" data-target=\"#model-139-10963\" data-maker-id=\"139\" data-model-id=\"10963\">DACIA Sandero II (Ann\u00e9e de construction 10.2012 &#8211; &#8230;)<\/span><\/li>\n<li class=\"product-info-block__item-list__item\" data-accordion=\"\" data-accordion-scroll=\"\"><span class=\"product-info-block__item-list__title\" data-accordion-toggle=\"\" data-toggle-model=\"\" data-article-id=\"1147906\" data-target=\"#model-139-11137\" data-maker-id=\"139\" data-model-id=\"11137\">DACIA Dokker Express (Ann\u00e9e de construction 12.2012 &#8211; &#8230;)<\/span><\/li>\n<li class=\"product-info-block__item-list__item\" data-accordion=\"\" data-accordion-scroll=\"\"><span class=\"product-info-block__item-list__title\" data-accordion-toggle=\"\" data-toggle-model=\"\" data-article-id=\"1147906\" data-target=\"#model-139-11138\" data-maker-id=\"139\" data-model-id=\"11138\">DACIA Logan II Berline (L8) (Ann\u00e9e de construction 10.2012 &#8211; &#8230;)<\/span><\/li>\n<li class=\"product-info-block__item-list__item\" data-accordion=\"\" data-accordion-scroll=\"\"><span class=\"product-info-block__item-list__title\" data-accordion-toggle=\"\" data-toggle-model=\"\" data-article-id=\"1147906\" data-target=\"#model-139-11291\" data-maker-id=\"139\" data-model-id=\"11291\">DACIA Logan II MCV (L8) (Ann\u00e9e de construction 03.2013 &#8211; &#8230;)<\/span><\/li>\n<li class=\"product-info-block__item-list__item\" data-accordion=\"\" data-accordion-scroll=\"\"><span class=\"product-info-block__item-list__title\" data-accordion-toggle=\"\" data-toggle-model=\"\" data-article-id=\"1147906\" data-target=\"#model-139-14955\" data-maker-id=\"139\" data-model-id=\"14955\">DACIA Duster Van (Ann\u00e9e de construction 05.2011 &#8211; &#8230;)<\/span><\/li>\n<li class=\"product-info-block__item-list__item\" data-accordion=\"\" data-accordion-scroll=\"\"><span class=\"product-info-block__item-list__title\" data-accordion-toggle=\"\" data-toggle-model=\"\" data-article-id=\"1147906\" data-target=\"#model-139-38462\" data-maker-id=\"139\" data-model-id=\"38462\">DACIA Duster II (Ann\u00e9e de construction 10.2017 &#8211; &#8230;)<\/span><\/li>\n<li class=\"product-info-block__item-list__item\" data-accordion=\"\" data-accordion-scroll=\"\"><span class=\"product-info-block__item-list__title\" data-accordion-toggle=\"\" data-toggle-model=\"\" data-article-id=\"1147906\" data-target=\"#model-139-42137\" data-maker-id=\"139\" data-model-id=\"42137\">DACIA Sandero III (BJI) (Ann\u00e9e de construction 01.2021 &#8211; &#8230;)<\/span><\/li>\n<li class=\"product-info-block__item-list__item\" data-accordion=\"\" data-accordion-scroll=\"\"><span class=\"product-info-block__item-list__title\" data-accordion-toggle=\"\" data-toggle-model=\"\" data-article-id=\"1147906\" data-target=\"#model-139-42574\" data-maker-id=\"139\" data-model-id=\"42574\">DACIA Logan III Berline (DJF) (Ann\u00e9e de construction 05.2021 &#8211; &#8230;)<\/span><\/li>\n<\/ul>\n<h2>LADA<\/h2>\n<ul id=\"maker-63\" class=\"product-info-block__item-list\" data-accordion-content=\"\">\n<li class=\"product-info-block__item-list__item\" data-accordion=\"\" data-accordion-scroll=\"\"><span class=\"product-info-block__item-list__title\" data-accordion-toggle=\"\" data-toggle-model=\"\" data-article-id=\"1147906\" data-target=\"#model-63-36525\" data-maker-id=\"63\" data-model-id=\"36525\">LADA Xray (GAB_) (Ann\u00e9e de construction 03.2016 &#8211; &#8230;)<\/span><\/li>\n<\/ul>\n<h2>NISSAN<\/h2>\n<ul id=\"maker-80\" class=\"product-info-block__item-list\" data-accordion-content=\"\">\n<li class=\"product-info-block__item-list__item\" data-accordion=\"\" data-accordion-scroll=\"\"><span class=\"product-info-block__item-list__title\" data-accordion-toggle=\"\" data-toggle-model=\"\" data-article-id=\"1147906\" data-target=\"#model-80-8531\" data-maker-id=\"80\" data-model-id=\"8531\">NISSAN Kubistar Van (X76) (Ann\u00e9e de construction 08.2003 &#8211; &#8230;)<\/span><\/li>\n<li class=\"product-info-block__item-list__item\" data-accordion=\"\" data-accordion-scroll=\"\"><span class=\"product-info-block__item-list__title\" data-accordion-toggle=\"\" data-toggle-model=\"\" data-article-id=\"1147906\" data-target=\"#model-80-9133\" data-maker-id=\"80\" data-model-id=\"9133\">NISSAN Micra IV 3\/5 portes (K13) (Ann\u00e9e de construction 05.2010 &#8211; &#8230;)<\/span><\/li>\n<\/ul>\n<h2>PEUGEOT<\/h2>\n<ul id=\"maker-88\" class=\"product-info-block__item-list\" data-accordion-content=\"\">\n<li class=\"product-info-block__item-list__item\" data-accordion=\"\" data-accordion-scroll=\"\"><span class=\"product-info-block__item-list__title\" data-accordion-toggle=\"\" data-toggle-model=\"\" data-article-id=\"1147906\" data-target=\"#model-88-3555\" data-maker-id=\"88\" data-model-id=\"3555\">PEUGEOT 206 3\/5 portes (2A\/C) (Ann\u00e9e de construction 08.1998 &#8211; 12.2012)<\/span><\/li>\n<li class=\"product-info-block__item-list__item\" data-accordion=\"\" data-accordion-scroll=\"\"><span class=\"product-info-block__item-list__title\" data-accordion-toggle=\"\" data-toggle-model=\"\" data-article-id=\"1147906\" data-target=\"#model-88-4771\" data-maker-id=\"88\" data-model-id=\"4771\">PEUGEOT 307 3\/5 portes (3A\/C) (Ann\u00e9e de construction 08.2000 &#8211; 12.2012)<\/span><\/li>\n<li class=\"product-info-block__item-list__item\" data-accordion=\"\" data-accordion-scroll=\"\"><span class=\"product-info-block__item-list__title\" data-accordion-toggle=\"\" data-toggle-model=\"\" data-article-id=\"1147906\" data-target=\"#model-88-4882\" data-maker-id=\"88\" data-model-id=\"4882\">PEUGEOT 307 SW (3H) (Ann\u00e9e de construction 03.2002 &#8211; 12.2009)<\/span><\/li>\n<li class=\"product-info-block__item-list__item\" data-accordion=\"\" data-accordion-scroll=\"\"><span class=\"product-info-block__item-list__title\" data-accordion-toggle=\"\" data-toggle-model=\"\" data-article-id=\"1147906\" data-target=\"#model-88-4898\" data-maker-id=\"88\" data-model-id=\"4898\">PEUGEOT 206 SW (2E\/K) (Ann\u00e9e de construction 07.2002 &#8211; &#8230;)<\/span><\/li>\n<li class=\"product-info-block__item-list__item\" data-accordion=\"\" data-accordion-scroll=\"\"><span class=\"product-info-block__item-list__title\" data-accordion-toggle=\"\" data-toggle-model=\"\" data-article-id=\"1147906\" data-target=\"#model-88-5113\" data-maker-id=\"88\" data-model-id=\"5113\">PEUGEOT 307 Break (3E) (Ann\u00e9e de construction 03.2002 &#8211; 12.2009)<\/span><\/li>\n<li class=\"product-info-block__item-list__item\" data-accordion=\"\" data-accordion-scroll=\"\"><span class=\"product-info-block__item-list__title\" data-accordion-toggle=\"\" data-toggle-model=\"\" data-article-id=\"1147906\" data-target=\"#model-88-5383\" data-maker-id=\"88\" data-model-id=\"5383\">PEUGEOT 1007 3 portes (Ann\u00e9e de construction 05.2005 &#8211; &#8230;)<\/span><\/li>\n<li class=\"product-info-block__item-list__item\" data-accordion=\"\" data-accordion-scroll=\"\"><span class=\"product-info-block__item-list__title\" data-accordion-toggle=\"\" data-toggle-model=\"\" data-article-id=\"1147906\" data-target=\"#model-88-5522\" data-maker-id=\"88\" data-model-id=\"5522\">PEUGEOT 207 3\/5 portes (Ann\u00e9e de construction 03.2006 &#8211; 12.2015)<\/span><\/li>\n<\/ul>\n<p>PROTON<\/p>\n<ul id=\"maker-778\" class=\"product-info-block__item-list\" data-accordion-content=\"\">\n<li class=\"product-info-block__item-list__item\" data-accordion=\"\" data-accordion-scroll=\"\"><span class=\"product-info-block__item-list__title\" data-accordion-toggle=\"\" data-toggle-model=\"\" data-article-id=\"1147906\" data-target=\"#model-778-8103\" data-maker-id=\"778\" data-model-id=\"8103\">PROTON Savvy 3\/5 portes (Ann\u00e9e de construction 10.2005 &#8211; 12.2012)<\/span><\/li>\n<\/ul>\n","protected":false},"excerpt":{"rendered":"<p>Taille de cl\u00e9 \u00e0 bougie\u00a0:14 mm Couple de serrage\u00a0:23 Nm Gamme \u00e9quipementier\u00a0:Nickel Quantit\u00e9\u00a0:1 Nombre d&rsquo;\u00e9lectrodes de masse\u00a0:1 Longueur du filtage\u00a0:26,5 mm \u00c9cartement de l&rsquo;\u00e9lectrode\u00a0:0,9 mm Hauteur de l&rsquo;\u00e9lectrode de masse\u00a0:5 mm Filetage\u00a0:M 12 x 1,25 Nombre d&rsquo;\u00e9lectrodes de masse\u00a0:1 Ouverture de la cl\u00e9\u00a0:16 mm APPLICATIONS : CITROEN CITRO\u00cbN C3 I 3\/5 portes (FC, FN) (Ann\u00e9e [&hellip;]<\/p>\n","protected":false},"featured_media":22434,"template":"","meta":[],"product_cat":[584,579,18],"product_tag":[],"class_list":{"0":"post-17645","1":"product","2":"type-product","3":"status-publish","4":"has-post-thumbnail","6":"product_cat-gamme-sha","7":"product_cat-bougies-allumage-autresmarques","8":"product_cat-autresmarques","10":"first","11":"instock","12":"taxable","13":"shipping-taxable","14":"purchasable","15":"product-type-simple"},"_links":{"self":[{"href":"https:\/\/sha.tn\/ap\/wp-json\/wp\/v2\/product\/17645","targetHints":{"allow":["GET"]}}],"collection":[{"href":"https:\/\/sha.tn\/ap\/wp-json\/wp\/v2\/product"}],"about":[{"href":"https:\/\/sha.tn\/ap\/wp-json\/wp\/v2\/types\/product"}],"wp:featuredmedia":[{"embeddable":true,"href":"https:\/\/sha.tn\/ap\/wp-json\/wp\/v2\/media\/22434"}],"wp:attachment":[{"href":"https:\/\/sha.tn\/ap\/wp-json\/wp\/v2\/media?parent=17645"}],"wp:term":[{"taxonomy":"product_cat","embeddable":true,"href":"https:\/\/sha.tn\/ap\/wp-json\/wp\/v2\/product_cat?post=17645"},{"taxonomy":"product_tag","embeddable":true,"href":"https:\/\/sha.tn\/ap\/wp-json\/wp\/v2\/product_tag?post=17645"}],"curies":[{"name":"wp","href":"https:\/\/api.w.org\/{rel}","templated":true}]}}