{"id":17651,"date":"2024-10-29T16:55:48","date_gmt":"2024-10-29T15:55:48","guid":{"rendered":"https:\/\/sha.tn\/ap\/produit\/bo-14987946068-courroie-4pk1511\/"},"modified":"2026-05-06T13:51:46","modified_gmt":"2026-05-06T11:51:46","slug":"bo-14987946068-courroie-4pk1511","status":"publish","type":"product","link":"https:\/\/sha.tn\/ap\/product\/bo-14987946068-courroie-4pk1511\/","title":{"rendered":"BO 14987946068 COURROIE 4PK1511  | BOSCH 4987946068"},"content":{"rendered":"<h1>APPLICATIONS :<\/h1>\n<h2>FORD<\/h2>\n<ul id=\"maker-36\" class=\"product-info-block__item-list\" data-accordion-content=\"\">\n<li class=\"product-info-block__item-list__item\" data-accordion=\"\" data-accordion-scroll=\"\"><span class=\"product-info-block__item-list__title\" data-accordion-toggle=\"\" data-toggle-model=\"\" data-article-id=\"208653\" data-target=\"#model-36-1483\" data-maker-id=\"36\" data-model-id=\"1483\">FORD Transit Mk4 Minibus (VE83) (Ann\u00e9e de construction 07.1994 &#8211; 07.2000)<\/span><\/li>\n<li class=\"product-info-block__item-list__item\" data-accordion=\"\" data-accordion-scroll=\"\"><span class=\"product-info-block__item-list__title\" data-accordion-toggle=\"\" data-toggle-model=\"\" data-article-id=\"208653\" data-target=\"#model-36-1750\" data-maker-id=\"36\" data-model-id=\"1750\">FORD Transit Mk3 Van (VE6) (Ann\u00e9e de construction 10.1985 &#8211; 10.1992)<\/span><\/li>\n<li class=\"product-info-block__item-list__item\" data-accordion=\"\" data-accordion-scroll=\"\"><span class=\"product-info-block__item-list__title\" data-accordion-toggle=\"\" data-toggle-model=\"\" data-article-id=\"208653\" data-target=\"#model-36-2022\" data-maker-id=\"36\" data-model-id=\"2022\">FORD Transit Mk3 Camion plate-forme\/Ch\u00e2ssis (VE6) (Ann\u00e9e de construction 10.1985 &#8211; 10.1992)<\/span><\/li>\n<li class=\"product-info-block__item-list__item\" data-accordion=\"\" data-accordion-scroll=\"\"><span class=\"product-info-block__item-list__title\" data-accordion-toggle=\"\" data-toggle-model=\"\" data-article-id=\"208653\" data-target=\"#model-36-2043\" data-maker-id=\"36\" data-model-id=\"2043\">FORD Transit Mk4 Van (VE83) (Ann\u00e9e de construction 07.1994 &#8211; 07.2000)<\/span><\/li>\n<li class=\"product-info-block__item-list__item\" data-accordion=\"\" data-accordion-scroll=\"\"><span class=\"product-info-block__item-list__title\" data-accordion-toggle=\"\" data-toggle-model=\"\" data-article-id=\"208653\" data-target=\"#model-36-2044\" data-maker-id=\"36\" data-model-id=\"2044\">FORD Transit Mk4 Camion plate-forme\/Ch\u00e2ssis (VE83) (Ann\u00e9e de construction 08.1994 &#8211; 07.2000)<\/span><\/li>\n<li class=\"product-info-block__item-list__item\" data-accordion=\"\" data-accordion-scroll=\"\"><span class=\"product-info-block__item-list__title\" data-accordion-toggle=\"\" data-toggle-model=\"\" data-article-id=\"208653\" data-target=\"#model-36-3969\" data-maker-id=\"36\" data-model-id=\"3969\">FORD Transit Mk3 Minibus (VE64) (Ann\u00e9e de construction 01.1991 &#8211; 10.1994)<\/span><\/li>\n<li class=\"product-info-block__item-list__item\" data-accordion=\"\" data-accordion-scroll=\"\"><span class=\"product-info-block__item-list__title\" data-accordion-toggle=\"\" data-toggle-model=\"\" data-article-id=\"208653\" data-target=\"#model-36-7590\" data-maker-id=\"36\" data-model-id=\"7590\">FORD Transit Mk4 Tourneo (Ann\u00e9e de construction 08.1994 &#8211; 12.2000)<\/span><\/li>\n<\/ul>\n<p>&nbsp;<\/p>\n","protected":false},"excerpt":{"rendered":"<p>APPLICATIONS : FORD FORD Transit Mk4 Minibus (VE83) (Ann\u00e9e de construction 07.1994 &#8211; 07.2000) FORD Transit Mk3 Van (VE6) (Ann\u00e9e de construction 10.1985 &#8211; 10.1992) FORD Transit Mk3 Camion plate-forme\/Ch\u00e2ssis (VE6) (Ann\u00e9e de construction 10.1985 &#8211; 10.1992) FORD Transit Mk4 Van (VE83) (Ann\u00e9e de construction 07.1994 &#8211; 07.2000) FORD Transit Mk4 Camion plate-forme\/Ch\u00e2ssis (VE83) (Ann\u00e9e [&hellip;]<\/p>\n","protected":false},"featured_media":1492,"template":"","meta":[],"product_cat":[584,575,18],"product_tag":[],"class_list":{"0":"post-17651","1":"product","2":"type-product","3":"status-publish","4":"has-post-thumbnail","6":"product_cat-gamme-sha","7":"product_cat-courroies-autresmarques","8":"product_cat-autresmarques","10":"first","11":"instock","12":"taxable","13":"shipping-taxable","14":"purchasable","15":"product-type-simple"},"_links":{"self":[{"href":"https:\/\/sha.tn\/ap\/wp-json\/wp\/v2\/product\/17651","targetHints":{"allow":["GET"]}}],"collection":[{"href":"https:\/\/sha.tn\/ap\/wp-json\/wp\/v2\/product"}],"about":[{"href":"https:\/\/sha.tn\/ap\/wp-json\/wp\/v2\/types\/product"}],"wp:featuredmedia":[{"embeddable":true,"href":"https:\/\/sha.tn\/ap\/wp-json\/wp\/v2\/media\/1492"}],"wp:attachment":[{"href":"https:\/\/sha.tn\/ap\/wp-json\/wp\/v2\/media?parent=17651"}],"wp:term":[{"taxonomy":"product_cat","embeddable":true,"href":"https:\/\/sha.tn\/ap\/wp-json\/wp\/v2\/product_cat?post=17651"},{"taxonomy":"product_tag","embeddable":true,"href":"https:\/\/sha.tn\/ap\/wp-json\/wp\/v2\/product_tag?post=17651"}],"curies":[{"name":"wp","href":"https:\/\/api.w.org\/{rel}","templated":true}]}}