{"id":17656,"date":"2024-10-29T16:55:49","date_gmt":"2024-10-29T15:55:49","guid":{"rendered":"https:\/\/sha.tn\/ap\/produit\/bo-8200850092-courroie-5pk1200\/"},"modified":"2026-05-06T13:51:59","modified_gmt":"2026-05-06T11:51:59","slug":"bo-8200850092-courroie-5pk1200","status":"publish","type":"product","link":"https:\/\/sha.tn\/ap\/product\/bo-8200850092-courroie-5pk1200\/","title":{"rendered":"BO 8200850092 COURROIE 5PK1200  | BOSCH 8200850092"},"content":{"rendered":"<h1>APPLICATIONS :<\/h1>\n<h2>CHRYSLER<\/h2>\n<ul id=\"maker-20\" class=\"product-info-block__item-list\" data-accordion-content=\"\">\n<li class=\"product-info-block__item-list__item\" data-accordion=\"\" data-accordion-scroll=\"\"><span class=\"product-info-block__item-list__title\" data-accordion-toggle=\"\" data-toggle-model=\"\" data-article-id=\"208918\" data-target=\"#model-20-1456\" data-maker-id=\"20\" data-model-id=\"1456\">CHRYSLER Voyager \/ Grand Voyager III (GS) (Ann\u00e9e de construction 01.1995 &#8211; 03.2001)<\/span><\/li>\n<\/ul>\n<h2>CITROEN<\/h2>\n<ul id=\"maker-21\" class=\"product-info-block__item-list\" data-accordion-content=\"\">\n<li class=\"product-info-block__item-list__item\" data-accordion=\"\" data-accordion-scroll=\"\"><span class=\"product-info-block__item-list__title\" data-accordion-toggle=\"\" data-toggle-model=\"\" data-article-id=\"208918\" data-target=\"#model-21-122\" data-maker-id=\"21\" data-model-id=\"122\">CITRO\u00cbN XM I 5 portes (Y3) (Ann\u00e9e de construction 05.1989 &#8211; 10.1994)<\/span><\/li>\n<li class=\"product-info-block__item-list__item\" data-accordion=\"\" data-accordion-scroll=\"\"><span class=\"product-info-block__item-list__title\" data-accordion-toggle=\"\" data-toggle-model=\"\" data-article-id=\"208918\" data-target=\"#model-21-3416\" data-maker-id=\"21\" data-model-id=\"3416\">CITRO\u00cbN XM II 5 portes (Y4) (Ann\u00e9e de construction 05.1994 &#8211; 10.2000)<\/span><\/li>\n<li class=\"product-info-block__item-list__item\" data-accordion=\"\" data-accordion-scroll=\"\"><span class=\"product-info-block__item-list__title\" data-accordion-toggle=\"\" data-toggle-model=\"\" data-article-id=\"208918\" data-target=\"#model-21-3912\" data-maker-id=\"21\" data-model-id=\"3912\">CITRO\u00cbN XM II Break (Y4) (Ann\u00e9e de construction 05.1994 &#8211; 10.2000)<\/span><\/li>\n<\/ul>\n<h2>JEEP<\/h2>\n<ul id=\"maker-882\" class=\"product-info-block__item-list\" data-accordion-content=\"\">\n<li class=\"product-info-block__item-list__item\" data-accordion=\"\" data-accordion-scroll=\"\"><span class=\"product-info-block__item-list__title\" data-accordion-toggle=\"\" data-toggle-model=\"\" data-article-id=\"208918\" data-target=\"#model-882-4243\" data-maker-id=\"882\" data-model-id=\"4243\">JEEP Grand Cherokee I (ZJ, ZG) (Ann\u00e9e de construction 10.1991 &#8211; 05.1999)<\/span><\/li>\n<\/ul>\n<h2>LAND-ROVER<\/h2>\n<ul id=\"maker-1820\" class=\"product-info-block__item-list\" data-accordion-content=\"\">\n<li class=\"product-info-block__item-list__item\" data-accordion=\"\" data-accordion-scroll=\"\"><span class=\"product-info-block__item-list__title\" data-accordion-toggle=\"\" data-toggle-model=\"\" data-article-id=\"208918\" data-target=\"#model-1820-4669\" data-maker-id=\"1820\" data-model-id=\"4669\">LAND ROVER Range Rover I (Ann\u00e9e de construction 10.1969 &#8211; 05.1996)<\/span><\/li>\n<li class=\"product-info-block__item-list__item\" data-accordion=\"\" data-accordion-scroll=\"\"><span class=\"product-info-block__item-list__title\" data-accordion-toggle=\"\" data-toggle-model=\"\" data-article-id=\"208918\" data-target=\"#model-1820-4677\" data-maker-id=\"1820\" data-model-id=\"4677\">LAND ROVER Freelander I SUV Cabriolet (L314) (Ann\u00e9e de construction 03.1998 &#8211; 10.2006)<\/span><\/li>\n<li class=\"product-info-block__item-list__item\" data-accordion=\"\" data-accordion-scroll=\"\"><span class=\"product-info-block__item-list__title\" data-accordion-toggle=\"\" data-toggle-model=\"\" data-article-id=\"208918\" data-target=\"#model-1820-4678\" data-maker-id=\"1820\" data-model-id=\"4678\">LAND ROVER Freelander I SUV (L314) (Ann\u00e9e de construction 03.1998 &#8211; 10.2006)<\/span><\/li>\n<\/ul>\n<h2><span class=\"product-info-block__item-title title-h3\" data-accordion-toggle=\"\" data-target=\"#maker-802\" data-maker-id=\"802\" data-article-id=\"208918\" data-type=\"pkw\" data-toggle-maker=\"\">LOTUS<\/span><\/h2>\n<ul id=\"maker-802\" class=\"product-info-block__item-list\" data-accordion-content=\"\">\n<li class=\"product-info-block__item-list__item\" data-accordion=\"\" data-accordion-scroll=\"\"><span class=\"product-info-block__item-list__title\" data-accordion-toggle=\"\" data-toggle-model=\"\" data-article-id=\"208918\" data-target=\"#model-802-3598\" data-maker-id=\"802\" data-model-id=\"3598\">LOTUS Elise S1 (Ann\u00e9e de construction 08.1995 &#8211; 01.2001)<\/span><\/li>\n<li class=\"product-info-block__item-list__item\" data-accordion=\"\" data-accordion-scroll=\"\"><span class=\"product-info-block__item-list__title\" data-accordion-toggle=\"\" data-toggle-model=\"\" data-article-id=\"208918\" data-target=\"#model-802-4744\" data-maker-id=\"802\" data-model-id=\"4744\">LOTUS Elise S2 (Ann\u00e9e de construction 12.2000 &#8211; &#8230;)<\/span><\/li>\n<\/ul>\n<h2>MG<\/h2>\n<ul id=\"maker-75\" class=\"product-info-block__item-list\" data-accordion-content=\"\">\n<li class=\"product-info-block__item-list__item\" data-accordion=\"\" data-accordion-scroll=\"\"><span class=\"product-info-block__item-list__title\" data-accordion-toggle=\"\" data-toggle-model=\"\" data-article-id=\"208918\" data-target=\"#model-75-4463\" data-maker-id=\"75\" data-model-id=\"4463\">MG MGF Cabriolet (RD) (Ann\u00e9e de construction 03.1995 &#8211; 03.2002)<\/span><\/li>\n<li class=\"product-info-block__item-list__item\" data-accordion=\"\" data-accordion-scroll=\"\"><span class=\"product-info-block__item-list__title\" data-accordion-toggle=\"\" data-toggle-model=\"\" data-article-id=\"208918\" data-target=\"#model-75-5049\" data-maker-id=\"75\" data-model-id=\"5049\">MG MG TF Cabriolet (Ann\u00e9e de construction 03.2002 &#8211; 12.2009)<\/span><\/li>\n<li class=\"product-info-block__item-list__item\" data-accordion=\"\" data-accordion-scroll=\"\"><span class=\"product-info-block__item-list__title\" data-accordion-toggle=\"\" data-toggle-model=\"\" data-article-id=\"208918\" data-target=\"#model-75-5051\" data-maker-id=\"75\" data-model-id=\"5051\">MG ZS Berline (Ann\u00e9e de construction 07.2001 &#8211; 05.2005)<\/span><\/li>\n<li class=\"product-info-block__item-list__item\" data-accordion=\"\" data-accordion-scroll=\"\"><span class=\"product-info-block__item-list__title\" data-accordion-toggle=\"\" data-toggle-model=\"\" data-article-id=\"208918\" data-target=\"#model-75-5052\" data-maker-id=\"75\" data-model-id=\"5052\">MG MG ZS 5 portes (Ann\u00e9e de construction 07.2001 &#8211; 10.2005)<\/span><\/li>\n<li class=\"product-info-block__item-list__item\" data-accordion=\"\" data-accordion-scroll=\"\"><span class=\"product-info-block__item-list__title\" data-accordion-toggle=\"\" data-toggle-model=\"\" data-article-id=\"208918\" data-target=\"#model-75-5053\" data-maker-id=\"75\" data-model-id=\"5053\">MG ZT Berline (Ann\u00e9e de construction 07.2001 &#8211; 07.2005)<\/span><\/li>\n<li class=\"product-info-block__item-list__item\" data-accordion=\"\" data-accordion-scroll=\"\"><span class=\"product-info-block__item-list__title\" data-accordion-toggle=\"\" data-toggle-model=\"\" data-article-id=\"208918\" data-target=\"#model-75-5054\" data-maker-id=\"75\" data-model-id=\"5054\">MG ZT-T Break (Ann\u00e9e de construction 10.2001 &#8211; 07.2005)<\/span><\/li>\n<li class=\"product-info-block__item-list__item\" data-accordion=\"\" data-accordion-scroll=\"\"><span class=\"product-info-block__item-list__title\" data-accordion-toggle=\"\" data-toggle-model=\"\" data-article-id=\"208918\" data-target=\"#model-75-9580\" data-maker-id=\"75\" data-model-id=\"9580\">MG MG 6 3\/5 portes (Ann\u00e9e de construction 12.2010 &#8211; &#8230;)<\/span><\/li>\n<\/ul>\n<h2>NISSAN<\/h2>\n<ul id=\"maker-80\" class=\"product-info-block__item-list\" data-accordion-content=\"\">\n<li class=\"product-info-block__item-list__item\" data-accordion=\"\" data-accordion-scroll=\"\"><span class=\"product-info-block__item-list__title\" data-accordion-toggle=\"\" data-toggle-model=\"\" data-article-id=\"208918\" data-target=\"#model-80-4607\" data-maker-id=\"80\" data-model-id=\"4607\">NISSAN Almera II 3\/5 portes (N16) (Ann\u00e9e de construction 01.2000 &#8211; &#8230;)<\/span><\/li>\n<li class=\"product-info-block__item-list__item\" data-accordion=\"\" data-accordion-scroll=\"\"><span class=\"product-info-block__item-list__title\" data-accordion-toggle=\"\" data-toggle-model=\"\" data-article-id=\"208918\" data-target=\"#model-80-4651\" data-maker-id=\"80\" data-model-id=\"4651\">NISSAN Almera II Berline (N16) (Ann\u00e9e de construction 07.2000 &#8211; &#8230;)<\/span><\/li>\n<li class=\"product-info-block__item-list__item\" data-accordion=\"\" data-accordion-scroll=\"\"><span class=\"product-info-block__item-list__title\" data-accordion-toggle=\"\" data-toggle-model=\"\" data-article-id=\"208918\" data-target=\"#model-80-4971\" data-maker-id=\"80\" data-model-id=\"4971\">NISSAN Micra III 3\/5 portes (K12) (Ann\u00e9e de construction 03.2002 &#8211; 07.2010)<\/span><\/li>\n<li class=\"product-info-block__item-list__item\" data-accordion=\"\" data-accordion-scroll=\"\"><span class=\"product-info-block__item-list__title\" data-accordion-toggle=\"\" data-toggle-model=\"\" data-article-id=\"208918\" data-target=\"#model-80-8531\" data-maker-id=\"80\" data-model-id=\"8531\">NISSAN Kubistar Van (X76) (Ann\u00e9e de construction 08.2003 &#8211; &#8230;)<\/span><\/li>\n<\/ul>\n<p>&nbsp;<\/p>\n","protected":false},"excerpt":{"rendered":"<p>APPLICATIONS : CHRYSLER CHRYSLER Voyager \/ Grand Voyager III (GS) (Ann\u00e9e de construction 01.1995 &#8211; 03.2001) CITROEN CITRO\u00cbN XM I 5 portes (Y3) (Ann\u00e9e de construction 05.1989 &#8211; 10.1994) CITRO\u00cbN XM II 5 portes (Y4) (Ann\u00e9e de construction 05.1994 &#8211; 10.2000) CITRO\u00cbN XM II Break (Y4) (Ann\u00e9e de construction 05.1994 &#8211; 10.2000) JEEP JEEP Grand [&hellip;]<\/p>\n","protected":false},"featured_media":1492,"template":"","meta":[],"product_cat":[575,18],"product_tag":[],"class_list":{"0":"post-17656","1":"product","2":"type-product","3":"status-publish","4":"has-post-thumbnail","6":"product_cat-courroies-autresmarques","7":"product_cat-autresmarques","9":"first","10":"outofstock","11":"taxable","12":"shipping-taxable","13":"purchasable","14":"product-type-simple"},"_links":{"self":[{"href":"https:\/\/sha.tn\/ap\/wp-json\/wp\/v2\/product\/17656","targetHints":{"allow":["GET"]}}],"collection":[{"href":"https:\/\/sha.tn\/ap\/wp-json\/wp\/v2\/product"}],"about":[{"href":"https:\/\/sha.tn\/ap\/wp-json\/wp\/v2\/types\/product"}],"wp:featuredmedia":[{"embeddable":true,"href":"https:\/\/sha.tn\/ap\/wp-json\/wp\/v2\/media\/1492"}],"wp:attachment":[{"href":"https:\/\/sha.tn\/ap\/wp-json\/wp\/v2\/media?parent=17656"}],"wp:term":[{"taxonomy":"product_cat","embeddable":true,"href":"https:\/\/sha.tn\/ap\/wp-json\/wp\/v2\/product_cat?post=17656"},{"taxonomy":"product_tag","embeddable":true,"href":"https:\/\/sha.tn\/ap\/wp-json\/wp\/v2\/product_tag?post=17656"}],"curies":[{"name":"wp","href":"https:\/\/api.w.org\/{rel}","templated":true}]}}