{"id":25483,"date":"2025-02-26T01:31:03","date_gmt":"2025-02-26T00:31:03","guid":{"rendered":"https:\/\/sha.tn\/ap\/product\/pompe-a-essence-fiat-palio-siena-erj237-hoffer-7506101\/"},"modified":"2025-03-14T07:06:24","modified_gmt":"2025-03-14T06:06:24","slug":"pompe-a-essence-fiat-palio-siena-erj237-hoffer-7506101","status":"publish","type":"product","link":"https:\/\/sha.tn\/ap\/product\/pompe-a-essence-fiat-palio-siena-erj237-hoffer-7506101\/","title":{"rendered":"MOTEUR A CARBURANT FIAT PALIO SIENA ERJ237 | HOFFER 7506101"},"content":{"rendered":"<div id=\"block-meatbartik-page-title\" class=\"block block-core block-page-title-block\">\n<div class=\"content\">\n<h1 class=\"title page-title\">R\u00e9f\u00e9rence 7506101<\/h1>\n<\/div>\n<\/div>\n<div id=\"block-meatbartik-content\" class=\"block block-system block-system-main-block\">\n<div class=\"content\">\n<div class=\"product-model-number\">\n<h1>Pompe immerg\u00e9e<\/h1>\n<p>POMPES A CARBURANT<\/p>\n<\/div>\n<\/div>\n<\/div>\n<h3>APPLICATIONS PRINCIPALES<\/h3>\n<ul class=\"main_appls\">\n<li>Walbro\u00a0<b>ERJ237<\/b><\/li>\n<li>Walbro\u00a0<b>ERJ301<\/b><\/li>\n<li>Peugeot 306 (7B,N3,N5)<\/li>\n<li>1.4,1.6,1.8,2.0 16V<\/li>\n<\/ul>\n<h3>INFO TECHNIQUE<\/h3>\n<p class=\"product_criteria\">Type de fonctionnement:\u00a0<b>\u00e9lectrique<\/b><br \/>\nPression [bar]:\u00a0<b>3<\/b><br \/>\nD\u00e9bit [l\/h]:\u00a0<b>90<\/b><br \/>\nSyst\u00e8me d&rsquo;injection:\u00a0<b>MPI (MultiPoint)<\/b><br \/>\npour num\u00e9ro OE:\u00a0<b>320910001<\/b><\/p>\n<h2 id=\"request_data\" class=\"ui-accordion-header ui-state-default ui-accordion-icons ui-accordion-header-active ui-state-active ui-corner-top\" tabindex=\"0\" role=\"tab\" aria-controls=\"result\" aria-selected=\"true\" aria-expanded=\"true\">CROSS REFERENCES<img decoding=\"async\" src=\"https:\/\/www.hoffer-products.com\/modules\/custom\/meat\/product_page\/images\/arrow.png\" \/><\/h2>\n<div id=\"result\" class=\"ui-accordion-content ui-helper-reset ui-widget-content ui-corner-bottom ui-accordion-content-active\" role=\"tabpanel\" aria-labelledby=\"request_data\" aria-hidden=\"false\">\n<div id=\"result\">\n<table>\n<tbody>\n<tr>\n<th>Part of CITROEN<\/th>\n<th>00001525<\/p>\n<p>&nbsp;<\/p>\n<p>18<\/th>\n<\/tr>\n<tr>\n<th>Part of CITROEN<\/th>\n<th>0000152595<\/th>\n<\/tr>\n<tr>\n<th>Part of CITROEN<\/th>\n<th>0000152560<\/th>\n<\/tr>\n<tr>\n<th>Part of CITROEN<\/th>\n<th>152595<\/th>\n<\/tr>\n<tr>\n<th>Part of CITROEN<\/th>\n<th>152560<\/th>\n<\/tr>\n<tr>\n<th>Part of CITROEN<\/th>\n<th>152518<\/th>\n<\/tr>\n<tr>\n<th>Part of CITROEN<\/th>\n<th>9631944080<\/th>\n<\/tr>\n<tr>\n<th>Part of CITROEN\/PEUGEOT<\/th>\n<th>0000152518<\/th>\n<\/tr>\n<tr>\n<th>Part of CITROEN\/PEUGEOT<\/th>\n<th>0000152595<\/th>\n<\/tr>\n<tr>\n<th>Part of CITROEN\/PEUGEOT<\/th>\n<th>152560<\/th>\n<\/tr>\n<tr>\n<th>Part of CITROEN\/PEUGEOT<\/th>\n<th>152595<\/th>\n<\/tr>\n<tr>\n<th>Part of CITROEN\/PEUGEOT<\/th>\n<th>9631944080<\/th>\n<\/tr>\n<tr>\n<th>Part of CITROEN\/PEUGEOT<\/th>\n<th>152518<\/th>\n<\/tr>\n<tr>\n<th>Part of CITROEN\/PEUGEOT<\/th>\n<th>0000152560<\/th>\n<\/tr>\n<tr>\n<th>Part of PEUGEOT<\/th>\n<th>152560<\/th>\n<\/tr>\n<tr>\n<th>Part of PEUGEOT<\/th>\n<th>152595<\/th>\n<\/tr>\n<tr>\n<th>Part of PEUGEOT<\/th>\n<th>9631944080<\/th>\n<\/tr>\n<tr>\n<th>Part of PEUGEOT<\/th>\n<th>0000152560<\/th>\n<\/tr>\n<tr>\n<th>Part of PEUGEOT<\/th>\n<th>0000152518<\/th>\n<\/tr>\n<tr>\n<th>Part of PEUGEOT<\/th>\n<th>0000152595<\/th>\n<\/tr>\n<tr>\n<th>Part of PEUGEOT<\/th>\n<th>152518<\/th>\n<\/tr>\n<\/tbody>\n<\/table>\n<p>VOITURES<\/p>\n<table class=\"vehicles_datas\">\n<tbody>\n<tr>\n<th>Marque<\/th>\n<th>Mod\u00e8le<\/th>\n<th>Motorisation<\/th>\n<th>Notes<\/th>\n<\/tr>\n<tr>\n<td class=\"row_make\" rowspan=\"6\">PEUGEOT<\/td>\n<td class=\"row_model\" rowspan=\"6\">306 (7B, N3, N5)<\/td>\n<td class=\"row_version\">1.4 SL<br \/>\n55Kw 75Cv 1360Cc [1994 &#8211; 2001]<\/td>\n<td class=\"row_note\">Ann\u00e9e \u00e0 partir de: 05.1997<br \/>\npas pour num\u00e9ro-moteur chez TecDoc: 2777<\/td>\n<\/tr>\n<tr>\n<td class=\"row_version\">1.6<br \/>\n72Kw 98Cv 1587Cc [2000 &#8211; 2001]<\/td>\n<td class=\"row_note\"><\/td>\n<\/tr>\n<tr>\n<td class=\"row_version\">1.6 SR<br \/>\n65Kw 89Cv 1587Cc [1994 &#8211; 2000]<\/td>\n<td class=\"row_note\">Ann\u00e9e \u00e0 partir de: 05.1997<\/td>\n<\/tr>\n<tr>\n<td class=\"row_version\">1.8 16V<br \/>\n81Kw 110Cv 1761Cc [1997 &#8211; 2001]<\/td>\n<td class=\"row_note\"><\/td>\n<\/tr>\n<tr>\n<td class=\"row_version\">1.8 ST<br \/>\n74Kw 101Cv 1761Cc [1994 &#8211; 2001]<\/td>\n<td class=\"row_note\">Ann\u00e9e \u00e0 partir de: 05.1997<\/td>\n<\/tr>\n<tr>\n<td class=\"row_version\">2.0<br \/>\n97Kw 132Cv 1998Cc [1997 &#8211; 2001]<\/td>\n<td class=\"row_note\"><\/td>\n<\/tr>\n<tr>\n<td class=\"row_make\" rowspan=\"7\">PEUGEOT<\/td>\n<td class=\"row_model\" rowspan=\"7\">306 Berline bicorps trois ou cinq portes (7A, 7C, N3, N5)<\/td>\n<td class=\"row_version\">1.4<br \/>\n55Kw 75Cv 1360Cc [1993 &#8211; 2001]<\/td>\n<td class=\"row_note\">Ann\u00e9e \u00e0 partir de: 05.1997<br \/>\npas pour num\u00e9ro-moteur chez TecDoc: 2777<\/td>\n<\/tr>\n<tr>\n<td class=\"row_version\">1.6<br \/>\n65Kw 89Cv 1587Cc [1993 &#8211; 2000]<\/td>\n<td class=\"row_note\">Ann\u00e9e \u00e0 partir de: 05.1997<\/td>\n<\/tr>\n<tr>\n<td class=\"row_version\">1.6<br \/>\n72Kw 98Cv 1587Cc [2000 &#8211; 2001]<\/td>\n<td class=\"row_note\"><\/td>\n<\/tr>\n<tr>\n<td class=\"row_version\">1.8<br \/>\n74Kw 101Cv 1761Cc [1993 &#8211; 2001]<\/td>\n<td class=\"row_note\">Ann\u00e9e \u00e0 partir de: 05.1997<\/td>\n<\/tr>\n<tr>\n<td class=\"row_version\">1.8 16V<br \/>\n81Kw 110Cv 1761Cc [1997 &#8211; 2001]<\/td>\n<td class=\"row_note\"><\/td>\n<\/tr>\n<tr>\n<td class=\"row_version\">2.0 16V<br \/>\n97Kw 132Cv 1998Cc [1997 &#8211; 2001]<\/td>\n<td class=\"row_note\"><\/td>\n<\/tr>\n<tr>\n<td class=\"row_version\">2.0 S16<br \/>\n120Kw 163Cv 1998Cc [1996 &#8211; 2001]<\/td>\n<td class=\"row_note\">Ann\u00e9e \u00e0 partir de: 05.1997<\/td>\n<\/tr>\n<tr>\n<td class=\"row_make\" rowspan=\"6\">PEUGEOT<\/td>\n<td class=\"row_model\" rowspan=\"6\">306 Break (7E, N3, N5)<\/td>\n<td class=\"row_version\">1.4<br \/>\n55Kw 75Cv 1360Cc [1997 &#8211; 2002]<\/td>\n<td class=\"row_note\"><\/td>\n<\/tr>\n<tr>\n<td class=\"row_version\">1.6<br \/>\n65Kw 89Cv 1587Cc [1997 &#8211; 2000]<\/td>\n<td class=\"row_note\"><\/td>\n<\/tr>\n<tr>\n<td class=\"row_version\">1.6<br \/>\n72Kw 98Cv 1587Cc [2000 &#8211; 2002]<\/td>\n<td class=\"row_note\"><\/td>\n<\/tr>\n<tr>\n<td class=\"row_version\">1.8<br \/>\n74Kw 101Cv 1761Cc [1997 &#8211; 2002]<\/td>\n<td class=\"row_note\"><\/td>\n<\/tr>\n<tr>\n<td class=\"row_version\">1.8 16V<br \/>\n81Kw 110Cv 1761Cc [1997 &#8211; 2002]<\/td>\n<td class=\"row_note\"><\/td>\n<\/tr>\n<tr>\n<td class=\"row_version\">2.0<br \/>\n97Kw 132Cv 1998Cc [1997 &#8211; 2002]<\/td>\n<\/tr>\n<\/tbody>\n<\/table>\n<\/div>\n<\/div>\n","protected":false},"excerpt":{"rendered":"<p>R\u00e9f\u00e9rence 7506101 Pompe immerg\u00e9e POMPES A CARBURANT APPLICATIONS PRINCIPALES Walbro\u00a0ERJ237 Walbro\u00a0ERJ301 Peugeot 306 (7B,N3,N5) 1.4,1.6,1.8,2.0 16V INFO TECHNIQUE Type de fonctionnement:\u00a0\u00e9lectrique Pression [bar]:\u00a03 D\u00e9bit [l\/h]:\u00a090 Syst\u00e8me d&rsquo;injection:\u00a0MPI (MultiPoint) pour num\u00e9ro OE:\u00a0320910001 CROSS REFERENCES Part of CITROEN 00001525 &nbsp; 18 Part of CITROEN 0000152595 Part of CITROEN 0000152560 Part of CITROEN 152595 Part of CITROEN 152560 [&hellip;]<\/p>\n","protected":false},"featured_media":25607,"template":"","meta":[],"product_cat":[584,587,18],"product_tag":[],"class_list":{"0":"post-25483","1":"product","2":"type-product","3":"status-publish","4":"has-post-thumbnail","6":"product_cat-gamme-sha","7":"product_cat-moteurs-et-pompes-a-essence","8":"product_cat-autresmarques","10":"first","11":"onbackorder","12":"taxable","13":"shipping-taxable","14":"purchasable","15":"product-type-simple"},"_links":{"self":[{"href":"https:\/\/sha.tn\/ap\/wp-json\/wp\/v2\/product\/25483","targetHints":{"allow":["GET"]}}],"collection":[{"href":"https:\/\/sha.tn\/ap\/wp-json\/wp\/v2\/product"}],"about":[{"href":"https:\/\/sha.tn\/ap\/wp-json\/wp\/v2\/types\/product"}],"wp:featuredmedia":[{"embeddable":true,"href":"https:\/\/sha.tn\/ap\/wp-json\/wp\/v2\/media\/25607"}],"wp:attachment":[{"href":"https:\/\/sha.tn\/ap\/wp-json\/wp\/v2\/media?parent=25483"}],"wp:term":[{"taxonomy":"product_cat","embeddable":true,"href":"https:\/\/sha.tn\/ap\/wp-json\/wp\/v2\/product_cat?post=25483"},{"taxonomy":"product_tag","embeddable":true,"href":"https:\/\/sha.tn\/ap\/wp-json\/wp\/v2\/product_tag?post=25483"}],"curies":[{"name":"wp","href":"https:\/\/api.w.org\/{rel}","templated":true}]}}