{"id":25484,"date":"2025-02-26T01:31:04","date_gmt":"2025-02-26T00:31:04","guid":{"rendered":"https:\/\/sha.tn\/ap\/product\/pompe-a-essence-polo3-golf-3-pm-1h0906091d-hoffer-7506398\/"},"modified":"2025-03-14T07:06:00","modified_gmt":"2025-03-14T06:06:00","slug":"pompe-a-essence-polo3-golf-3-pm-1h0906091d-hoffer-7506398","status":"publish","type":"product","link":"https:\/\/sha.tn\/ap\/product\/pompe-a-essence-polo3-golf-3-pm-1h0906091d-hoffer-7506398\/","title":{"rendered":"MOTEUR A CARBURANT POLO3 &#8211; GOLF 3 PM 1H0906091D | HOFFER 7506398"},"content":{"rendered":"<div id=\"block-meatbartik-page-title\" class=\"block block-core block-page-title-block\">\n<div class=\"content\">\n<h1 class=\"title page-title\">R\u00e9f\u00e9rence 7506398<\/h1>\n<\/div>\n<\/div>\n<div id=\"block-meatbartik-content\" class=\"block block-system block-system-main-block\">\n<div class=\"content\">\n<div class=\"product-model-number\">\n<h1>Pompe immerg\u00e9e<\/h1>\n<p>POMPES A CARBURANT<\/p>\n<h3>APPLICATIONS PRINCIPALES<\/h3>\n<ul class=\"main_appls\">\n<li>VAG\u00a0<b>1H0906091D<\/b><\/li>\n<li>Seat Ibiza II<\/li>\n<li>VW Golf III 1.4,1.6<\/li>\n<\/ul>\n<h3>INFO TECHNIQUE<\/h3>\n<p class=\"product_criteria\">Type de fonctionnement:\u00a0<b>\u00e9lectrique<\/b><br \/>\nPression [bar]:\u00a0<b>1,2<\/b><br \/>\nD\u00e9bit [l\/h]:\u00a0<b>70<\/b><br \/>\nSyst\u00e8me d&rsquo;injection:\u00a0<b>SPI (injection centrale)<\/b><br \/>\npour num\u00e9ro OE:\u00a0<b>1H0919651N<\/b><\/p>\n<h2 id=\"request_data\" class=\"ui-accordion-header ui-state-default ui-accordion-icons ui-accordion-header-active ui-state-active ui-corner-top\" tabindex=\"0\" role=\"tab\" aria-controls=\"result\" aria-selected=\"true\" aria-expanded=\"true\">CROSS REFERENCES<img decoding=\"async\" src=\"https:\/\/www.hoffer-products.com\/modules\/custom\/meat\/product_page\/images\/arrow.png\" \/><\/h2>\n<div id=\"result\" class=\"ui-accordion-content ui-helper-reset ui-widget-content ui-corner-bottom ui-accordion-content-active\" role=\"tabpanel\" aria-labelledby=\"request_data\" aria-hidden=\"false\">\n<div id=\"result\">\n<table>\n<tbody>\n<tr>\n<th>Part of AUDI<\/th>\n<th>1H9919051E<\/th>\n<\/tr>\n<tr>\n<th>Part of AUDI<\/th>\n<th>1H0919051Q<\/th>\n<\/tr>\n<tr>\n<th>Part of AUDI<\/th>\n<th>1H0919651N<\/th>\n<\/tr>\n<tr>\n<th>Part of AUDI<\/th>\n<th>1L0919051D<\/th>\n<\/tr>\n<tr>\n<th>Part of AUDI<\/th>\n<th>6N0919051J<\/th>\n<\/tr>\n<tr>\n<th>Part of AUDI<\/th>\n<th>6K0919051A<\/th>\n<\/tr>\n<tr>\n<th>Part of AUDI<\/th>\n<th>1H0906091D<\/th>\n<\/tr>\n<tr>\n<th>Part of AUDI<\/th>\n<th>1H0919051C<\/th>\n<\/tr>\n<tr>\n<th>Part of AUDI<\/th>\n<th>1H0919651H<\/th>\n<\/tr>\n<tr>\n<th>Part of SEAT<\/th>\n<th>1H9919051E<\/th>\n<\/tr>\n<tr>\n<th>Part of SEAT<\/th>\n<th>1H0906091D<\/th>\n<\/tr>\n<tr>\n<th>Part of SEAT<\/th>\n<th>6K0919051A<\/th>\n<\/tr>\n<tr>\n<th>Part of SEAT<\/th>\n<th>6N0919051J<\/th>\n<\/tr>\n<tr>\n<th>Part of SEAT<\/th>\n<th>1L0919051D<\/th>\n<\/tr>\n<tr>\n<th>Part of SEAT<\/th>\n<th>1H0919651N<\/th>\n<\/tr>\n<tr>\n<th>Part of SEAT<\/th>\n<th>1H0919651H<\/th>\n<\/tr>\n<tr>\n<th>Part of SEAT<\/th>\n<th>1H0919051Q<\/th>\n<\/tr>\n<tr>\n<th>Part of SEAT<\/th>\n<th>1H0919051C<\/th>\n<\/tr>\n<tr>\n<th>Part of SKODA<\/th>\n<th>1L0919051D<\/th>\n<\/tr>\n<tr>\n<th>Part of SKODA<\/th>\n<th>1H0919651N<\/th>\n<\/tr>\n<tr>\n<th>Part of SKODA<\/th>\n<th>1H0919651H<\/th>\n<\/tr>\n<tr>\n<th>Part of SKODA<\/th>\n<th>1H9919051E<\/th>\n<\/tr>\n<tr>\n<th>Part of SKODA<\/th>\n<th>6N0919051J<\/th>\n<\/tr>\n<tr>\n<th>Part of SKODA<\/th>\n<th>6K0919051A<\/th>\n<\/tr>\n<tr>\n<th>Part of SKODA<\/th>\n<th>1H0919051Q<\/th>\n<\/tr>\n<tr>\n<th>Part of SKODA<\/th>\n<th>1H0919051C<\/th>\n<\/tr>\n<tr>\n<th>Part of SKODA<\/th>\n<th>1H0906091D<\/th>\n<\/tr>\n<tr>\n<th>Part of VOLKSWAGEN<\/th>\n<th>1L0919051D<\/th>\n<\/tr>\n<tr>\n<th>VOLKSWAGEN<\/th>\n<th>1H0919651N<\/th>\n<\/tr>\n<tr>\n<th>VOLKSWAGEN<\/th>\n<th>1H0919651H<\/th>\n<\/tr>\n<tr>\n<th>Part of VOLKSWAGEN<\/th>\n<th>1H0906091D<\/th>\n<\/tr>\n<tr>\n<th>Part of VOLKSWAGEN<\/th>\n<th>6K0919051A<\/th>\n<\/tr>\n<tr>\n<th>Part of VOLKSWAGEN<\/th>\n<th>1H0919051C<\/th>\n<\/tr>\n<tr>\n<th>Part of VOLKSWAGEN<\/th>\n<th>6N0919051J<\/th>\n<\/tr>\n<tr>\n<th>Part of VOLKSWAGEN<\/th>\n<th>1H9919051E<\/th>\n<\/tr>\n<tr>\n<th>Part of VOLKSWAGEN<\/th>\n<th>1H0919051Q<\/th>\n<\/tr>\n<tr>\n<th>Part of VW \/ AUDI<\/th>\n<th>1H0906091D<\/th>\n<\/tr>\n<tr>\n<th>Part of VW \/ AUDI<\/th>\n<th>1H0919051C<\/th>\n<\/tr>\n<tr>\n<th>Part of VW \/ AUDI<\/th>\n<th>1H0919051Q<\/th>\n<\/tr>\n<tr>\n<th>Part of VW \/ AUDI<\/th>\n<th>6K0919051A<\/th>\n<\/tr>\n<tr>\n<th>Part of VW \/ AUDI<\/th>\n<th>1L0919051D<\/th>\n<\/tr>\n<tr>\n<th>Part of VW \/ AUDI<\/th>\n<th>1H0919651H<\/th>\n<\/tr>\n<tr>\n<th>Part of VW \/ AUDI<\/th>\n<th>6N0919051J<\/th>\n<\/tr>\n<tr>\n<th>Part of VW \/ AUDI<\/th>\n<th>1H0919651N<\/th>\n<\/tr>\n<tr>\n<th>Part of VW \/ AUDI<\/th>\n<th>1H9919051E<\/th>\n<\/tr>\n<\/tbody>\n<\/table>\n<\/div>\n<\/div>\n<\/div>\n<\/div>\n<\/div>\n","protected":false},"excerpt":{"rendered":"<p>R\u00e9f\u00e9rence 7506398 Pompe immerg\u00e9e POMPES A CARBURANT APPLICATIONS PRINCIPALES VAG\u00a01H0906091D Seat Ibiza II VW Golf III 1.4,1.6 INFO TECHNIQUE Type de fonctionnement:\u00a0\u00e9lectrique Pression [bar]:\u00a01,2 D\u00e9bit [l\/h]:\u00a070 Syst\u00e8me d&rsquo;injection:\u00a0SPI (injection centrale) pour num\u00e9ro OE:\u00a01H0919651N CROSS REFERENCES Part of AUDI 1H9919051E Part of AUDI 1H0919051Q Part of AUDI 1H0919651N Part of AUDI 1L0919051D Part of AUDI 6N0919051J [&hellip;]<\/p>\n","protected":false},"featured_media":25608,"template":"","meta":[],"product_cat":[584,587,18],"product_tag":[],"class_list":{"0":"post-25484","1":"product","2":"type-product","3":"status-publish","4":"has-post-thumbnail","6":"product_cat-gamme-sha","7":"product_cat-moteurs-et-pompes-a-essence","8":"product_cat-autresmarques","10":"first","11":"onbackorder","12":"taxable","13":"shipping-taxable","14":"purchasable","15":"product-type-simple"},"_links":{"self":[{"href":"https:\/\/sha.tn\/ap\/wp-json\/wp\/v2\/product\/25484","targetHints":{"allow":["GET"]}}],"collection":[{"href":"https:\/\/sha.tn\/ap\/wp-json\/wp\/v2\/product"}],"about":[{"href":"https:\/\/sha.tn\/ap\/wp-json\/wp\/v2\/types\/product"}],"wp:featuredmedia":[{"embeddable":true,"href":"https:\/\/sha.tn\/ap\/wp-json\/wp\/v2\/media\/25608"}],"wp:attachment":[{"href":"https:\/\/sha.tn\/ap\/wp-json\/wp\/v2\/media?parent=25484"}],"wp:term":[{"taxonomy":"product_cat","embeddable":true,"href":"https:\/\/sha.tn\/ap\/wp-json\/wp\/v2\/product_cat?post=25484"},{"taxonomy":"product_tag","embeddable":true,"href":"https:\/\/sha.tn\/ap\/wp-json\/wp\/v2\/product_tag?post=25484"}],"curies":[{"name":"wp","href":"https:\/\/api.w.org\/{rel}","templated":true}]}}