{"id":25496,"date":"2025-02-26T01:31:10","date_gmt":"2025-02-26T00:31:10","guid":{"rendered":"https:\/\/sha.tn\/ap\/product\/pompe-a-essence-mercedes-w203-204-2214705994-hoffer-7507240\/"},"modified":"2025-03-05T15:31:38","modified_gmt":"2025-03-05T14:31:38","slug":"pompe-a-essence-mercedes-w203-204-2214705994-hoffer-7507240","status":"publish","type":"product","link":"https:\/\/sha.tn\/ap\/product\/pompe-a-essence-mercedes-w203-204-2214705994-hoffer-7507240\/","title":{"rendered":"MOTEUR A CARBURANT MERCEDES W203-204 2214705994 | HOFFER 7507240"},"content":{"rendered":"<div id=\"block-meatbartik-page-title\" class=\"block block-core block-page-title-block\">\n<div class=\"content\">\n<h1 class=\"title page-title\">R\u00e9f\u00e9rence 7507240<\/h1>\n<\/div>\n<\/div>\n<div id=\"block-meatbartik-content\" class=\"block block-system block-system-main-block\">\n<div class=\"content\">\n<div class=\"product-model-number\">\n<h1>Pompe immerg\u00e9e<\/h1>\n<p>POMPES A CARBURANT<\/p>\n<h3>APPLICATIONS PRINCIPALES<\/h3>\n<ul class=\"main_appls\">\n<li>Mercedes\u00a0<b>2214705994*<\/b><\/li>\n<li>Mercedes S 350 (W221)<\/li>\n<\/ul>\n<h3>INFO TECHNIQUE<\/h3>\n<p class=\"product_criteria\">Syst\u00e8me d&rsquo;injection:\u00a0<b>MPI (MultiPoint)<\/b><br \/>\nPression [bar]:\u00a0<b>3<\/b><br \/>\npour num\u00e9ro OE:\u00a0<b>2214705994<\/b><\/p>\n<\/div>\n<\/div>\n<\/div>\n","protected":false},"excerpt":{"rendered":"<p>R\u00e9f\u00e9rence 7507240 Pompe immerg\u00e9e POMPES A CARBURANT APPLICATIONS PRINCIPALES Mercedes\u00a02214705994* Mercedes S 350 (W221) INFO TECHNIQUE Syst\u00e8me d&rsquo;injection:\u00a0MPI (MultiPoint) Pression [bar]:\u00a03 pour num\u00e9ro OE:\u00a02214705994<\/p>\n","protected":false},"featured_media":25662,"template":"","meta":[],"product_cat":[584,587,18],"product_tag":[],"class_list":{"0":"post-25496","1":"product","2":"type-product","3":"status-publish","4":"has-post-thumbnail","6":"product_cat-gamme-sha","7":"product_cat-moteurs-et-pompes-a-essence","8":"product_cat-autresmarques","10":"first","11":"onbackorder","12":"taxable","13":"shipping-taxable","14":"purchasable","15":"product-type-simple"},"_links":{"self":[{"href":"https:\/\/sha.tn\/ap\/wp-json\/wp\/v2\/product\/25496","targetHints":{"allow":["GET"]}}],"collection":[{"href":"https:\/\/sha.tn\/ap\/wp-json\/wp\/v2\/product"}],"about":[{"href":"https:\/\/sha.tn\/ap\/wp-json\/wp\/v2\/types\/product"}],"wp:featuredmedia":[{"embeddable":true,"href":"https:\/\/sha.tn\/ap\/wp-json\/wp\/v2\/media\/25662"}],"wp:attachment":[{"href":"https:\/\/sha.tn\/ap\/wp-json\/wp\/v2\/media?parent=25496"}],"wp:term":[{"taxonomy":"product_cat","embeddable":true,"href":"https:\/\/sha.tn\/ap\/wp-json\/wp\/v2\/product_cat?post=25496"},{"taxonomy":"product_tag","embeddable":true,"href":"https:\/\/sha.tn\/ap\/wp-json\/wp\/v2\/product_tag?post=25496"}],"curies":[{"name":"wp","href":"https:\/\/api.w.org\/{rel}","templated":true}]}}