{"id":25497,"date":"2025-02-26T01:31:10","date_gmt":"2025-02-26T00:31:10","guid":{"rendered":"https:\/\/sha.tn\/ap\/product\/pompe-a-essence-touareg-audi-q7-a2c53116514-hoffer-7507241\/"},"modified":"2025-03-05T15:31:37","modified_gmt":"2025-03-05T14:31:37","slug":"pompe-a-essence-touareg-audi-q7-a2c53116514-hoffer-7507241","status":"publish","type":"product","link":"https:\/\/sha.tn\/ap\/product\/pompe-a-essence-touareg-audi-q7-a2c53116514-hoffer-7507241\/","title":{"rendered":"MOTEUR A CARBURANT TOUAREG AUDI Q7 A2C53116514 | HOFFER 7507241"},"content":{"rendered":"<div id=\"block-meatbartik-page-title\" class=\"block block-core block-page-title-block\">\n<div class=\"content\">\n<h1 class=\"title page-title\">R\u00e9f\u00e9rence 7507241<\/h1>\n<\/div>\n<\/div>\n<div id=\"block-meatbartik-content\" class=\"block block-system block-system-main-block\">\n<div class=\"content\">\n<div class=\"product-model-number\">\n<h1>Pompe immerg\u00e9e<\/h1>\n<p>POMPES A CARBURANT<\/p>\n<\/div>\n<\/div>\n<\/div>\n<h3>APPLICATIONS PRINCIPALES<\/h3>\n<ul class=\"main_appls\">\n<li>VDO\u00a0<b>A2C53116514<\/b><\/li>\n<li>Audi A8 (4E) 2.8 FSI<\/li>\n<li>VW Touareg 3.2 V6<\/li>\n<\/ul>\n<h3>INFO TECHNIQUE<\/h3>\n<p class=\"product_criteria\">Type de fonctionnement:\u00a0<b>\u00e9lectrique<\/b><br \/>\nSyst\u00e8me d&rsquo;injection:\u00a0<b>MPI (MultiPoint)<\/b><br \/>\npour num\u00e9ro OE:\u00a0<b>320910120<\/b><\/p>\n","protected":false},"excerpt":{"rendered":"<p>R\u00e9f\u00e9rence 7507241 Pompe immerg\u00e9e POMPES A CARBURANT APPLICATIONS PRINCIPALES VDO\u00a0A2C53116514 Audi A8 (4E) 2.8 FSI VW Touareg 3.2 V6 INFO TECHNIQUE Type de fonctionnement:\u00a0\u00e9lectrique Syst\u00e8me d&rsquo;injection:\u00a0MPI (MultiPoint) pour num\u00e9ro OE:\u00a0320910120<\/p>\n","protected":false},"featured_media":25660,"template":"","meta":[],"product_cat":[584,587,18],"product_tag":[],"class_list":{"0":"post-25497","1":"product","2":"type-product","3":"status-publish","4":"has-post-thumbnail","6":"product_cat-gamme-sha","7":"product_cat-moteurs-et-pompes-a-essence","8":"product_cat-autresmarques","10":"first","11":"onbackorder","12":"taxable","13":"shipping-taxable","14":"purchasable","15":"product-type-simple"},"_links":{"self":[{"href":"https:\/\/sha.tn\/ap\/wp-json\/wp\/v2\/product\/25497","targetHints":{"allow":["GET"]}}],"collection":[{"href":"https:\/\/sha.tn\/ap\/wp-json\/wp\/v2\/product"}],"about":[{"href":"https:\/\/sha.tn\/ap\/wp-json\/wp\/v2\/types\/product"}],"wp:featuredmedia":[{"embeddable":true,"href":"https:\/\/sha.tn\/ap\/wp-json\/wp\/v2\/media\/25660"}],"wp:attachment":[{"href":"https:\/\/sha.tn\/ap\/wp-json\/wp\/v2\/media?parent=25497"}],"wp:term":[{"taxonomy":"product_cat","embeddable":true,"href":"https:\/\/sha.tn\/ap\/wp-json\/wp\/v2\/product_cat?post=25497"},{"taxonomy":"product_tag","embeddable":true,"href":"https:\/\/sha.tn\/ap\/wp-json\/wp\/v2\/product_tag?post=25497"}],"curies":[{"name":"wp","href":"https:\/\/api.w.org\/{rel}","templated":true}]}}