{"id":25498,"date":"2025-02-26T01:31:11","date_gmt":"2025-02-26T00:31:11","guid":{"rendered":"https:\/\/sha.tn\/ap\/product\/pompe-essence-toyota-yaris-avanza-hoffer-7507312\/"},"modified":"2025-03-05T15:31:30","modified_gmt":"2025-03-05T14:31:30","slug":"pompe-essence-toyota-yaris-avanza-hoffer-7507312","status":"publish","type":"product","link":"https:\/\/sha.tn\/ap\/product\/pompe-essence-toyota-yaris-avanza-hoffer-7507312\/","title":{"rendered":"MOTEUR A CARBURANT TOYOTA YARIS AVANZA | HOFFER 7507312"},"content":{"rendered":"<div id=\"block-meatbartik-page-title\" class=\"block block-core block-page-title-block\">\n<div class=\"content\">\n<h1 class=\"title page-title\">R\u00e9f\u00e9rence 7507312<\/h1>\n<\/div>\n<\/div>\n<div id=\"block-meatbartik-content\" class=\"block block-system block-system-main-block\">\n<div class=\"content\">\n<div class=\"product-model-number\">\n<h1>Pompe immerg\u00e9e<\/h1>\n<p>POMPES A CARBURANT<\/p>\n<h3>APPLICATIONS PRINCIPALES<\/h3>\n<ul class=\"main_appls\">\n<li>Toyota\u00a0<b>2322021131<\/b><\/li>\n<li>Toyota Yaris<\/li>\n<li>1.0,1.3,1.8 VVTi<\/li>\n<\/ul>\n<h3>INFO TECHNIQUE<\/h3>\n<p class=\"product_criteria\">Syst\u00e8me d&rsquo;injection:\u00a0<b>MPI (MultiPoint)<\/b><br \/>\nPression [bar]:\u00a0<b>3,24<\/b><br \/>\nD\u00e9bit [l\/h]:\u00a0<b>105<\/b><br \/>\npour num\u00e9ro OE:\u00a0<b>2322021131<\/b><\/p>\n<\/div>\n<h2 id=\"request_data\" class=\"ui-accordion-header ui-state-default ui-accordion-icons ui-accordion-header-active ui-state-active ui-corner-top\" tabindex=\"0\" role=\"tab\" aria-controls=\"result\" aria-selected=\"true\" aria-expanded=\"true\">CROSS REFERENCES<img decoding=\"async\" src=\"https:\/\/www.hoffer-products.com\/modules\/custom\/meat\/product_page\/images\/arrow.png\" \/><\/h2>\n<div id=\"result\" class=\"ui-accordion-content ui-helper-reset ui-widget-content ui-corner-bottom ui-accordion-content-active\" role=\"tabpanel\" aria-labelledby=\"request_data\" aria-hidden=\"false\">\n<div id=\"result\">\n<table>\n<tbody>\n<tr>\n<th>Part of DAIHATSU<\/th>\n<th>23220-0Q040<\/th>\n<\/tr>\n<tr>\n<th>SUZUKI<\/th>\n<th>2322021132<\/th>\n<\/tr>\n<tr>\n<th>Part of TOYOTA<\/th>\n<th>23220-0Q041<\/th>\n<\/tr>\n<tr>\n<th>TOYOTA<\/th>\n<th>232210P020<\/th>\n<\/tr>\n<tr>\n<th>TOYOTA<\/th>\n<th>2322037170<\/th>\n<\/tr>\n<tr>\n<th>TOYOTA<\/th>\n<th>2322037050<\/th>\n<\/tr>\n<tr>\n<th>TOYOTA<\/th>\n<th>23220OP010<\/th>\n<\/tr>\n<tr>\n<th>TOYOTA<\/th>\n<th>2322021131<\/th>\n<\/tr>\n<tr>\n<th>TOYOTA<\/th>\n<th>232200P010<\/th>\n<\/tr>\n<tr>\n<th>Part of TOYOTA<\/th>\n<th>23220-0Q040<\/th>\n<\/tr>\n<\/tbody>\n<\/table>\n<\/div>\n<\/div>\n<\/div>\n<\/div>\n","protected":false},"excerpt":{"rendered":"<p>R\u00e9f\u00e9rence 7507312 Pompe immerg\u00e9e POMPES A CARBURANT APPLICATIONS PRINCIPALES Toyota\u00a02322021131 Toyota Yaris 1.0,1.3,1.8 VVTi INFO TECHNIQUE Syst\u00e8me d&rsquo;injection:\u00a0MPI (MultiPoint) Pression [bar]:\u00a03,24 D\u00e9bit [l\/h]:\u00a0105 pour num\u00e9ro OE:\u00a02322021131 CROSS REFERENCES Part of DAIHATSU 23220-0Q040 SUZUKI 2322021132 Part of TOYOTA 23220-0Q041 TOYOTA 232210P020 TOYOTA 2322037170 TOYOTA 2322037050 TOYOTA 23220OP010 TOYOTA 2322021131 TOYOTA 232200P010 Part of TOYOTA 23220-0Q040<\/p>\n","protected":false},"featured_media":25665,"template":"","meta":[],"product_cat":[584,587,18],"product_tag":[],"class_list":{"0":"post-25498","1":"product","2":"type-product","3":"status-publish","4":"has-post-thumbnail","6":"product_cat-gamme-sha","7":"product_cat-moteurs-et-pompes-a-essence","8":"product_cat-autresmarques","10":"first","11":"onbackorder","12":"taxable","13":"shipping-taxable","14":"purchasable","15":"product-type-simple"},"_links":{"self":[{"href":"https:\/\/sha.tn\/ap\/wp-json\/wp\/v2\/product\/25498","targetHints":{"allow":["GET"]}}],"collection":[{"href":"https:\/\/sha.tn\/ap\/wp-json\/wp\/v2\/product"}],"about":[{"href":"https:\/\/sha.tn\/ap\/wp-json\/wp\/v2\/types\/product"}],"wp:featuredmedia":[{"embeddable":true,"href":"https:\/\/sha.tn\/ap\/wp-json\/wp\/v2\/media\/25665"}],"wp:attachment":[{"href":"https:\/\/sha.tn\/ap\/wp-json\/wp\/v2\/media?parent=25498"}],"wp:term":[{"taxonomy":"product_cat","embeddable":true,"href":"https:\/\/sha.tn\/ap\/wp-json\/wp\/v2\/product_cat?post=25498"},{"taxonomy":"product_tag","embeddable":true,"href":"https:\/\/sha.tn\/ap\/wp-json\/wp\/v2\/product_tag?post=25498"}],"curies":[{"name":"wp","href":"https:\/\/api.w.org\/{rel}","templated":true}]}}