{"id":25499,"date":"2025-02-26T01:31:11","date_gmt":"2025-02-26T00:31:11","guid":{"rendered":"https:\/\/sha.tn\/ap\/product\/pomp-a-essence-golf-5-6-hoffer-7507313\/"},"modified":"2025-03-05T15:31:36","modified_gmt":"2025-03-05T14:31:36","slug":"pomp-a-essence-golf-5-6-hoffer-7507313","status":"publish","type":"product","link":"https:\/\/sha.tn\/ap\/product\/pomp-a-essence-golf-5-6-hoffer-7507313\/","title":{"rendered":"MOTEUR A CARBURANT GOLF 5-6 | HOFFER 7507313"},"content":{"rendered":"<div id=\"block-meatbartik-page-title\" class=\"block block-core block-page-title-block\">\n<div class=\"content\">\n<h1 class=\"title page-title\">R\u00e9f\u00e9rence 7507313<\/h1>\n<\/div>\n<\/div>\n<div id=\"block-meatbartik-content\" class=\"block block-system block-system-main-block\">\n<div class=\"content\">\n<div class=\"product-model-number\">\n<h1>Pompe immerg\u00e9e<\/h1>\n<p>POMPES A CARBURANT<\/p>\n<h3>APPLICATIONS PRINCIPALES<\/h3>\n<ul class=\"main_appls\">\n<li>VDO\u00a0<b>T111106610AB*<\/b><\/li>\n<li>DR DR 5 1.6,2.0 LPG<\/li>\n<\/ul>\n<h3>INFO TECHNIQUE<\/h3>\n<p class=\"product_criteria\">Syst\u00e8me d&rsquo;injection:\u00a0<b>MPI (MultiPoint)<\/b><br \/>\nPression [bar]:\u00a0<b>3<\/b><br \/>\nD\u00e9bit [l\/h]:\u00a0<b>105<\/b><br \/>\npour num\u00e9ro OE:\u00a0<b>320910136<\/b><\/p>\n<\/div>\n<\/div>\n<\/div>\n","protected":false},"excerpt":{"rendered":"<p>R\u00e9f\u00e9rence 7507313 Pompe immerg\u00e9e POMPES A CARBURANT APPLICATIONS PRINCIPALES VDO\u00a0T111106610AB* DR DR 5 1.6,2.0 LPG INFO TECHNIQUE Syst\u00e8me d&rsquo;injection:\u00a0MPI (MultiPoint) Pression [bar]:\u00a03 D\u00e9bit [l\/h]:\u00a0105 pour num\u00e9ro OE:\u00a0320910136<\/p>\n","protected":false},"featured_media":25663,"template":"","meta":[],"product_cat":[584,587,18],"product_tag":[],"class_list":{"0":"post-25499","1":"product","2":"type-product","3":"status-publish","4":"has-post-thumbnail","6":"product_cat-gamme-sha","7":"product_cat-moteurs-et-pompes-a-essence","8":"product_cat-autresmarques","10":"first","11":"onbackorder","12":"taxable","13":"shipping-taxable","14":"purchasable","15":"product-type-simple"},"_links":{"self":[{"href":"https:\/\/sha.tn\/ap\/wp-json\/wp\/v2\/product\/25499","targetHints":{"allow":["GET"]}}],"collection":[{"href":"https:\/\/sha.tn\/ap\/wp-json\/wp\/v2\/product"}],"about":[{"href":"https:\/\/sha.tn\/ap\/wp-json\/wp\/v2\/types\/product"}],"wp:featuredmedia":[{"embeddable":true,"href":"https:\/\/sha.tn\/ap\/wp-json\/wp\/v2\/media\/25663"}],"wp:attachment":[{"href":"https:\/\/sha.tn\/ap\/wp-json\/wp\/v2\/media?parent=25499"}],"wp:term":[{"taxonomy":"product_cat","embeddable":true,"href":"https:\/\/sha.tn\/ap\/wp-json\/wp\/v2\/product_cat?post=25499"},{"taxonomy":"product_tag","embeddable":true,"href":"https:\/\/sha.tn\/ap\/wp-json\/wp\/v2\/product_tag?post=25499"}],"curies":[{"name":"wp","href":"https:\/\/api.w.org\/{rel}","templated":true}]}}